{"id":42,"date":"2018-09-19T12:59:24","date_gmt":"2018-09-19T10:59:24","guid":{"rendered":"http:\/\/missingsch.plattfoorm.de\/?page_id=42"},"modified":"2018-12-21T15:30:57","modified_gmt":"2018-12-21T14:30:57","slug":"phonotaktik","status":"publish","type":"page","link":"https:\/\/missingsch.plattfoorm.de\/mg\/phonotaktik\/","title":{"rendered":"(Deutsch) Phonotaktik"},"content":{"rendered":"<p class=\"qtranxs-available-languages-message qtranxs-available-languages-message-mg\">L\u00e5id\u00e6s is d\u00e6 \u00c5indr\u00e5\u00e5\u00e7 blou\u00df auf %LANG: f\u00e6fyy\u00e7b\u00e5\u00e5.<\/p>","protected":false},"excerpt":{"rendered":"<p>L\u00e5id\u00e6s is d\u00e6 \u00c5indr\u00e5\u00e5\u00e7 blou\u00df auf %LANG: f\u00e6fyy\u00e7b\u00e5\u00e5.<\/p>\n","protected":false},"author":1,"featured_media":0,"parent":0,"menu_order":0,"comment_status":"closed","ping_status":"closed","template":"","meta":{"footnotes":""},"class_list":["post-42","page","type-page","status-publish","hentry"],"_links":{"self":[{"href":"https:\/\/missingsch.plattfoorm.de\/mg\/wp-json\/wp\/v2\/pages\/42","targetHints":{"allow":["GET"]}}],"collection":[{"href":"https:\/\/missingsch.plattfoorm.de\/mg\/wp-json\/wp\/v2\/pages"}],"about":[{"href":"https:\/\/missingsch.plattfoorm.de\/mg\/wp-json\/wp\/v2\/types\/page"}],"author":[{"embeddable":true,"href":"https:\/\/missingsch.plattfoorm.de\/mg\/wp-json\/wp\/v2\/users\/1"}],"replies":[{"embeddable":true,"href":"https:\/\/missingsch.plattfoorm.de\/mg\/wp-json\/wp\/v2\/comments?post=42"}],"version-history":[{"count":4,"href":"https:\/\/missingsch.plattfoorm.de\/mg\/wp-json\/wp\/v2\/pages\/42\/revisions"}],"predecessor-version":[{"id":211,"href":"https:\/\/missingsch.plattfoorm.de\/mg\/wp-json\/wp\/v2\/pages\/42\/revisions\/211"}],"wp:attachment":[{"href":"https:\/\/missingsch.plattfoorm.de\/mg\/wp-json\/wp\/v2\/media?parent=42"}],"curies":[{"name":"wp","href":"https:\/\/api.w.org\/{rel}","templated":true}]}}